{"id":262,"date":"2025-08-26T14:50:59","date_gmt":"2025-08-26T14:50:59","guid":{"rendered":"https:\/\/crmetallurgica.com\/?page_id=262"},"modified":"2025-09-25T07:51:17","modified_gmt":"2025-09-25T07:51:17","slug":"avviso-legale","status":"publish","type":"page","link":"https:\/\/crmetallurgica.com\/it\/aviso-legal\/","title":{"rendered":"Avviso legale"},"content":{"rendered":"<div data-elementor-type=\"wp-page\" data-elementor-id=\"262\" class=\"elementor elementor-262\" data-elementor-post-type=\"page\">\n\t\t\t\t<div class=\"elementor-element elementor-element-325b0563 e-flex e-con-boxed e-con e-parent\" data-id=\"325b0563\" data-element_type=\"container\" data-e-type=\"container\">\n\t\t\t\t\t<div class=\"e-con-inner\">\n\t\t\t\t<div class=\"elementor-element elementor-element-c6faabc elementor-widget elementor-widget-heading\" data-id=\"c6faabc\" data-element_type=\"widget\" data-e-type=\"widget\" data-widget_type=\"heading.default\">\n\t\t\t\t\t<h1 class=\"elementor-heading-title elementor-size-default\">Avviso legale<\/h1>\t\t\t\t<\/div>\n\t\t\t\t<div class=\"elementor-element elementor-element-467ad6dd elementor-widget elementor-widget-text-editor\" data-id=\"467ad6dd\" data-element_type=\"widget\" data-e-type=\"widget\" data-widget_type=\"text-editor.default\">\n\t\t\t\t\t\t\t\t\t<p><strong>Nome commerciale:\u00a0<\/strong>CR METALLURGICA<\/p>\n<p><!-- \/wp:paragraph --><!-- wp:paragraph --><\/p>\n<p><strong>Nome dell&#039;azienda: <\/strong>CR METALLURGICA 2001 SL<\/p>\n<p><!-- \/wp:paragraph --><!-- wp:paragraph --><\/p>\n<p><strong>NIF:\u00a0<\/strong>B70676341<\/p>\n<p><!-- \/wp:paragraph --><!-- wp:paragraph --><\/p>\n<p><strong>Indirizzo:<\/strong> Via Horta, 15, Calafell<\/p>\n<p><!-- \/wp:paragraph --><!-- wp:paragraph --><\/p>\n<p><strong>Telefono:<\/strong> +34 690019031<\/p>\n<p><!-- \/wp:paragraph --><!-- wp:paragraph --><\/p>\n<p><strong>e-mail:<\/strong> <a href=\"mailto:info@crmetallurgica.com\">info@crmetallurgica.com<\/a><\/p>\n<p><!-- \/wp:paragraph --><!-- wp:paragraph --><\/p>\n<p><strong>TERMINI E CONDIZIONI LEGALI<\/strong><\/p>\n<p><!-- \/wp:paragraph --><!-- wp:paragraph --><\/p>\n<p>L&#039;utilizzo di questo sito web conferisce all&#039;utente la condizione di utente del sito, il che implica l&#039;accettazione dei presenti termini e condizioni nella versione pubblicata al momento dell&#039;accesso. Pertanto, IL TITOLARE DEL SITO WEB raccomanda all&#039;utente di leggere attentamente i presenti termini e condizioni ogni volta che accede al sito web. L&#039;accesso a determinati contenuti offerti attraverso questo sito web pu\u00f2 essere soggetto a termini e condizioni specifici che, a seconda dei casi, sostituiscono, integrano e\/o modificano i presenti termini e condizioni generali. Pertanto, prima di accedere e\/o utilizzare tali contenuti, l&#039;utente \u00e8 tenuto a leggere attentamente anche i relativi termini e condizioni specifici. IL TITOLARE DEL SITO WEB potr\u00e0 modificare il design, la presentazione e\/o la configurazione del sito web, nonch\u00e9 alcuni o tutti i contenuti, in qualsiasi momento e senza preavviso, e modificare i termini generali e\/o le condizioni specifiche necessarie per il loro utilizzo.<\/p>\n<p><!-- \/wp:paragraph --><!-- wp:paragraph --><\/p>\n<p><strong>RESPONSABILIT\u00c0 E GARANZIA DEL TITOLARE DEL SITO WEB<\/strong><\/p>\n<p><!-- \/wp:paragraph --><!-- wp:paragraph --><\/p>\n<p><strong>ACCESSO<\/strong><\/p>\n<p><!-- \/wp:paragraph --><!-- wp:paragraph --><\/p>\n<p>Di norma, l&#039;accesso al sito web \u00e8 libero e gratuito per gli utenti. Tuttavia, il titolare del sito si riserva il diritto, in conformit\u00e0 con la normativa vigente, di limitare l&#039;accesso ad alcune aree del sito. In questi casi, come prerequisito per l&#039;accesso al servizio, l&#039;utente dovr\u00e0 registrarsi fornendo tutte le informazioni richieste, aggiornate e veritiere (vedere informativa sulla privacy). La password \u00e8 personale e non cedibile; \u00e8 vietata la sua cessione, anche temporanea, a terzi. A tal proposito, l&#039;utente si impegna a esercitare la dovuta diligenza e a mantenerla riservata, assumendosi la piena responsabilit\u00e0 delle conseguenze derivanti dalla sua divulgazione a terzi.<\/p>\n<p><!-- \/wp:paragraph --><!-- wp:paragraph --><\/p>\n<p><strong>CONTENUTO<\/strong><\/p>\n<p><!-- \/wp:paragraph --><!-- wp:paragraph --><\/p>\n<p>IL TITOLARE DEL SITO WEB si riserva il diritto di interrompere l&#039;accesso al proprio sito web, nonch\u00e9 la fornitura di parte o di tutti i Contenuti forniti attraverso di esso, in qualsiasi momento e senza preavviso, per motivi tecnici, di sicurezza, di controllo, di manutenzione, a causa di interruzioni di corrente o per qualsiasi altra ragione. Tale interruzione pu\u00f2 essere temporanea o permanente, nel qual caso gli Utenti saranno informati di tale circostanza e potrebbero subire la perdita, se applicabile, delle informazioni memorizzate nei vari servizi. Di conseguenza, IL TITOLARE DEL SITO WEB non garantisce l&#039;affidabilit\u00e0, la disponibilit\u00e0 o la continuit\u00e0 del proprio sito web o dei suoi Contenuti, sia propri che di altri siti web accessibili tramite link. Pertanto, qualsiasi utilizzo di tali Contenuti da parte degli Utenti \u00e8 a loro rischio e pericolo e IL TITOLARE DEL SITO WEB non pu\u00f2 essere ritenuto responsabile a tale riguardo in alcun momento. IL TITOLARE DEL SITO WEB non sar\u00e0 responsabile per eventuali danni, perdite, reclami o spese di qualsiasi tipo derivanti da informazioni acquisite o accessibili tramite il sito web, virus informatici, guasti operativi o interruzioni del servizio o della trasmissione, o guasti della linea. \u00c8 vietato trasmettere o inviare tramite il sito web contenuti illegali o illeciti, virus informatici o messaggi che, in generale, ledano o violino i diritti del TITOLARE DEL SITO WEB o di terzi.<\/p>\n<p><!-- \/wp:paragraph --><!-- wp:paragraph --><\/p>\n<p><strong>PROPRIET\u00c0 INDUSTRIALE E INTELLETTUALE<\/strong><\/p>\n<p><!-- \/wp:paragraph --><!-- wp:paragraph --><\/p>\n<p>Questo sito web \u00e8 di propriet\u00e0 del PROPRIETARIO DEL SITO WEB. I diritti di propriet\u00e0 intellettuale e i diritti di sfruttamento e riproduzione di questo sito web, delle sue pagine, schermate, delle informazioni in esso contenute, del loro aspetto e design, nonch\u00e9 dei link che da esso si stabiliscono verso altre pagine, sono di propriet\u00e0 esclusiva dello stesso, salvo diversa indicazione. Tutti i nomi, i design e\/o i loghi che compongono questa pagina sono marchi registrati. Qualsiasi utilizzo non autorizzato degli stessi da parte di una persona diversa dal legittimo proprietario potr\u00e0 essere perseguito ai sensi della normativa vigente. I diritti di propriet\u00e0 intellettuale e i marchi di terze parti sono opportunamente evidenziati e devono essere rispettati da chiunque acceda al sito web. Il download dei contenuti, la copia o la stampa di qualsiasi pagina di questo sito web sono consentiti esclusivamente per uso personale e privato. La riproduzione, la trasmissione, la modifica o la cancellazione delle informazioni, dei contenuti o degli avvisi di questo sito web sono vietate senza la previa autorizzazione scritta del PROPRIETARIO DEL SITO WEB.<\/p>\n<p><!-- \/wp:paragraph --><!-- wp:paragraph --><\/p>\n<p><strong>LEGISLAZIONE APPLICABILE<\/strong><\/p>\n<p><!-- \/wp:paragraph --><!-- wp:paragraph --><\/p>\n<p>Le presenti condizioni generali sono regolate dalla legge spagnola.<\/p>\n<p><!-- \/wp:paragraph --><!-- wp:paragraph --><\/p>\n<p><strong>POLITICA SULLA RISERVATEZZA<\/strong><\/p>\n<p><!-- \/wp:paragraph --><!-- wp:paragraph --><\/p>\n<p>Ai sensi della normativa vigente in materia di protezione dei dati personali, IL TITOLARE DEL SITO WEB la informa che i dati personali da lei eventualmente forniti durante la navigazione sul nostro sito web saranno inseriti in un sistema di elaborazione dati sotto la responsabilit\u00e0 del TITOLARE DEL SITO WEB, al solo scopo di elaborare la sua richiesta. Solo se l&#039;utente avr\u00e0 prestato il suo esplicito consenso, IL TITOLARE DEL SITO WEB le invier\u00e0 informazioni tecniche, operative e commerciali con qualsiasi mezzo, inclusa la posta elettronica e\/o mezzi equivalenti, su prodotti, servizi, offerte e novit\u00e0 che riteniamo possano essere di suo interesse. IL TITOLARE DEL SITO WEB si impegna a rispettare il proprio obbligo di riservatezza dei dati personali e il dovere di conservarli, e adotter\u00e0 le misure necessarie per impedirne l&#039;alterazione, la perdita, il trattamento o l&#039;accesso non autorizzato, tenendo sempre conto dello stato della tecnologia e rispettando le misure di sicurezza tecniche e organizzative. Infine, la informiamo della possibilit\u00e0 di esercitare i suoi diritti di accesso, rettifica, cancellazione e opposizione tramite un modulo indirizzato all&#039;amministratore di sistema.<\/p>\n<p><!-- \/wp:paragraph --><\/p>\t\t\t\t\t\t\t\t<\/div>\n\t\t\t\t\t<\/div>\n\t\t\t\t<\/div>\n\t\t\t\t<\/div>","protected":false},"excerpt":{"rendered":"<p>Nombre comercial:\u00a0CR METALLURGICA Denominaci\u00f3n social: CR METALLURGICA 2001 SL NIF:\u00a0B70676341 Direcci\u00f3n: Calle Horta, 15, Calafell Tel\u00e9fono: +34 690019031 eMail: info@crmetallurgica.com T\u00c9RMINOS LEGALES Y CONDICIONES La utilizaci\u00f3n de este sitio web atribuye al navegante la condici\u00f3n de usuario del sitio, lo que implica la adhesi\u00f3n a las presentes condiciones en la versi\u00f3n publicada en el momento [&hellip;]<\/p>\n","protected":false},"author":1,"featured_media":0,"parent":0,"menu_order":0,"comment_status":"closed","ping_status":"closed","template":"","meta":{"footnotes":""},"class_list":["post-262","page","type-page","status-publish","hentry"],"_links":{"self":[{"href":"https:\/\/crmetallurgica.com\/it\/wp-json\/wp\/v2\/pages\/262","targetHints":{"allow":["GET"]}}],"collection":[{"href":"https:\/\/crmetallurgica.com\/it\/wp-json\/wp\/v2\/pages"}],"about":[{"href":"https:\/\/crmetallurgica.com\/it\/wp-json\/wp\/v2\/types\/page"}],"author":[{"embeddable":true,"href":"https:\/\/crmetallurgica.com\/it\/wp-json\/wp\/v2\/users\/1"}],"replies":[{"embeddable":true,"href":"https:\/\/crmetallurgica.com\/it\/wp-json\/wp\/v2\/comments?post=262"}],"version-history":[{"count":18,"href":"https:\/\/crmetallurgica.com\/it\/wp-json\/wp\/v2\/pages\/262\/revisions"}],"predecessor-version":[{"id":508,"href":"https:\/\/crmetallurgica.com\/it\/wp-json\/wp\/v2\/pages\/262\/revisions\/508"}],"wp:attachment":[{"href":"https:\/\/crmetallurgica.com\/it\/wp-json\/wp\/v2\/media?parent=262"}],"curies":[{"name":"wp","href":"https:\/\/api.w.org\/{rel}","templated":true}]}}