{"id":282,"date":"2025-08-26T15:00:34","date_gmt":"2025-08-26T15:00:34","guid":{"rendered":"https:\/\/crmetallurgica.com\/?page_id=282"},"modified":"2025-09-25T07:51:58","modified_gmt":"2025-09-25T07:51:58","slug":"politica-sulla-riservatezza","status":"publish","type":"page","link":"https:\/\/crmetallurgica.com\/it\/politica-de-privacidad\/","title":{"rendered":"politica sulla riservatezza"},"content":{"rendered":"<div data-elementor-type=\"wp-page\" data-elementor-id=\"282\" class=\"elementor elementor-282\" data-elementor-post-type=\"page\">\n\t\t\t\t<div class=\"elementor-element elementor-element-325b0563 e-flex e-con-boxed e-con e-parent\" data-id=\"325b0563\" data-element_type=\"container\" data-e-type=\"container\">\n\t\t\t\t\t<div class=\"e-con-inner\">\n\t\t\t\t<div class=\"elementor-element elementor-element-c6faabc elementor-widget elementor-widget-heading\" data-id=\"c6faabc\" data-element_type=\"widget\" data-e-type=\"widget\" data-widget_type=\"heading.default\">\n\t\t\t\t\t<h1 class=\"elementor-heading-title elementor-size-default\">politica sulla riservatezza<\/h1>\t\t\t\t<\/div>\n\t\t\t\t<div class=\"elementor-element elementor-element-467ad6dd elementor-widget elementor-widget-text-editor\" data-id=\"467ad6dd\" data-element_type=\"widget\" data-e-type=\"widget\" data-widget_type=\"text-editor.default\">\n\t\t\t\t\t\t\t\t\t<p><span style=\"font-weight: 400;\">La presente Informativa sulla privacy, unitamente alle Regole di partecipazione e all&#039;avviso legale, costituisce il quadro giuridico che regola l&#039;utilizzo del sito web.<\/span><a href=\"https:\/\/crmetallurgica.com\/it\/\" target=\"_blank\" rel=\"noopener\">\u00a0crmetallurgica.com<\/a>.<span style=\"font-weight: 400;\"> La presente Informativa sulla privacy regola specificamente l&#039;uso e il trattamento che LA SOCIET\u00c0 effettua sui tuoi dati personali in qualit\u00e0 di utente del Sito Web, poich\u00e9 accedendo a questo sito Web diventi un utente di questo sito Web (di seguito, l&#039;&quot;Utente&quot;).<\/span><\/p><p><b>Questo sito web \u00e8 di propriet\u00e0 di:<\/b><\/p><p>CR METALLURGICA 2001 SL, con sede legale in Calle Horta, 15, Calafell e CIF: B70676341<span style=\"font-weight: 400;\">,<\/span><span style=\"font-weight: 400;\"> di seguito denominata SOCIET\u00c0.<\/span><\/p><p><span style=\"font-weight: 400;\">La presente Informativa sulla Privacy \u00e8 disponibile sul Sito Web in catalano, pertanto \u00e8 possibile consultarla, archiviarla o stamparla in qualsiasi momento. Potrebbe subire modifiche nel tempo a causa di modifiche al Sito Web, di sviluppi legislativi o giurisprudenziali, di nuovi criteri dell&#039;Agenzia Spagnola per la Protezione dei Dati o di nuove normative europee che ci impongano di apportare modifiche future. Pertanto, la SOCIET\u00c0 si riserva il diritto di modificare la presente Informativa sulla Privacy e ne raccomanda la lettura attenta ogni volta che si accede al Sito Web.<\/span><\/p><p><b>Riservatezza<\/b><b><br \/><\/b><span style=\"font-weight: 400;\">LA SOCIET\u00c0 si impegna a rispettare l&#039;obbligo di riservatezza dei dati personali e il dovere di conservarli in modo confidenziale. Adotta le misure necessarie per impedirne l&#039;alterazione, la perdita, il trattamento non autorizzato o l&#039;accesso, tenendo sempre conto dello stato della tecnologia.<\/span><\/p><p><b>Sicurezza dei dati<\/b><b><br \/><\/b><span style=\"font-weight: 400;\">LA SOCIET\u00c0 garantisce l&#039;adozione di misure idonee a garantire il trattamento riservato di tali dati. A tal fine, ha implementato tutte le misure di sicurezza tecniche e organizzative necessarie per garantire l&#039;integrit\u00e0, la riservatezza e la disponibilit\u00e0 dei dati personali forniti dall&#039;utente, in particolare quelle previste dal GDPR (Regolamento Generale sulla Protezione dei Dati - UE 2016\/679, del 27 aprile), che ha ampliato l&#039;ambito di applicazione della Legge Organica 15\/1999, del 13 dicembre, sulla Protezione dei Dati Personali (LOPD) e del suo Regolamento di Esecuzione RD 1720\/2007.<\/span><\/p><p><b>Protezione dei dati personali<\/b><b><br \/><\/b><span style=\"font-weight: 400;\">I dati personali volontariamente forniti saranno trattati in modo confidenziale, nel rispetto della tutela e delle specifiche previste dalla normativa vigente, e saranno raccolti in un archivio debitamente registrato presso l&#039;Agenzia per la Protezione dei Dati Personali, di cui LA SOCIET\u00c0 \u00e8 responsabile. Tale archivio ha lo scopo di gestire gli utenti e gli abbonati, nonch\u00e9 di gestire la vendita online dei prodotti e la risoluzione delle richieste.<\/span><\/p><p><span style=\"font-weight: 400;\">La base giuridica del trattamento dei dati \u00e8 il consenso dell&#039;abbonato. Trattiamo i dati personali degli iscritti alla newsletter al solo scopo di inviare loro la nostra newsletter. Trattiamo i dati personali degli utenti registrati e degli abbonati paganti al solo scopo di gestire il loro rapporto con LA SOCIET\u00c0, riscuotere i relativi compensi (ove applicabili), organizzare attivit\u00e0 e campagne e inviare comunicazioni informative e commerciali (anche in formato elettronico).<\/span><\/p><p><span style=\"font-weight: 400;\">I dati personali non saranno ceduti a terzi (salvo obbligo di legge) e saranno conservati per un periodo di sei (6) anni in conformit\u00e0 alla normativa contabile vigente e, ove applicabile, per dieci (10) anni in conformit\u00e0 alla normativa antiriciclaggio.<\/span><\/p><p><span style=\"font-weight: 400;\">Gli utenti possono accedere ai propri dati personali e richiederne la rettifica in caso di dati inesatti o, se del caso, richiederne la cancellazione o l&#039;eliminazione quando i dati non sono pi\u00f9 necessari per le finalit\u00e0 per le quali sono stati raccolti. Possono inoltre richiederne la limitazione, la portabilit\u00e0 e opporsi al trattamento dei propri dati, in determinate circostanze e per motivi connessi alla loro situazione particolare.<\/span><\/p><p><span style=\"font-weight: 400;\">Potrai revocare il consenso all\u2019invio di comunicazioni commerciali ed esercitare i diritti sopra indicati inviando una email a <a href=\"mailto:info@crmetallurgica.com\"><strong>info@crmetallurgica.com<\/strong><\/a><\/span><b>\u00a0<\/b>oppure inviando una lettera per posta ordinaria al responsabile del file situato presso la sede legale della SOCIET\u00c0, in entrambi i casi con il riferimento: &quot;Protezione dei dati&quot;, tramite un documento firmato e allegando una copia del tuo documento d&#039;identit\u00e0.\u00a0<\/p><p><b>Informazioni sui cookie<\/b><b><br \/><\/b><span style=\"font-weight: 400;\">Il sito web utilizza i cookie per facilitare la navigazione dell&#039;utente e rendere la navigazione pi\u00f9 agevole.<\/span><\/p><p><span style=\"font-weight: 400;\">Un cookie \u00e8 un&#039;informazione inviata da un server di una pagina web a un browser, che pu\u00f2 essere restituita dal browser durante le visite successive a quel server. I cookie sono associati all&#039;utente anonimo e al suo computer e non forniscono, di per s\u00e9, il nome o il cognome dell&#039;utente.<\/span><\/p><p><span style=\"font-weight: 400;\">Questo sito web utilizza i cookie di Google per mostrare annunci pubblicitari basati sulle visite precedenti al sito web o ad altri siti web che pubblicano annunci Google. Gli utenti possono disattivare il tracciamento tramite cookie pubblicitari visitando:<\/span><a href=\"https:\/\/www.google.com\/settings\/ads\" target=\"_blank\" rel=\"noopener\"> <span style=\"font-weight: 400;\">https:\/\/www.google.com\/settings\/ads<\/span><\/a><\/p><div class=\"ql-block ql-align-justify\" data-block-id=\"block-aa3c4584-14ca-4718-a26e-268e5a965479\"><strong>Tipologia di cookie<\/strong><\/div><ul><li>Cookie di registrazione: per identificare l&#039;utente registrato.<\/li><li>Cookie pubblicitari: per poter offrire contenuti pubblicitari correlati agli interessi dell&#039;utente, sia direttamente sia tramite terze parti chiamate Adserver.<\/li><li>Cookie analitici: per ottenere informazioni relative alla misurazione dell&#039;audience.<\/li><li>Cookie di geolocalizzazione: forniscono informazioni sulla posizione geografica dell&#039;utente.<\/li><\/ul><div class=\"ql-block ql-align-justify\" data-block-id=\"block-5714bc68-f8b9-49cb-a6ec-902cdb0e23bb\">\u00a0<\/div><div class=\"ql-block ql-align-justify\" data-block-id=\"block-d2fd2b2f-bb43-4388-a574-4cb2480b075c\">Gli utenti possono configurare il proprio browser in modo da essere avvisati della ricezione di cookie e, se lo desiderano, impedirne l&#039;installazione sul proprio disco rigido. Tuttavia, l&#039;installazione dei cookie non \u00e8 obbligatoria per accedere al sito web.<\/div><div class=\"ql-block ql-align-justify\" data-block-id=\"block-f61dd2ba-2943-4a6f-ae98-e8c6713d727a\">\u00a0<\/div><div class=\"ql-block ql-align-justify\" data-block-id=\"block-d0e2814e-5e5e-44ea-adf9-d5c0593de6b3\">A seconda del tipo di browser utilizzato, l&#039;utente pu\u00f2 disabilitare l&#039;uso dei cookie in:<\/div><div class=\"ql-block ql-align-justify\" data-block-id=\"block-767a2f2b-dc71-4a55-a6ee-51787c830d62\">Chrome: Impostazioni &gt; Impostazioni avanzate &gt; Privacy e sicurezza &gt; Impostazioni contenuti<\/div><div class=\"ql-block ql-align-justify\" data-block-id=\"block-189788c7-d7b3-4ea7-b4db-f926465f0026\">Firefox: Opzioni &gt; Privacy e sicurezza<\/div><div class=\"ql-block ql-align-justify\" data-block-id=\"block-ecd0c2f3-4dd4-4eda-bfc4-2d2a71514c75\">Edge: Impostazioni &gt; Impostazioni avanzate &gt; Privacy e servizi<\/div><div class=\"ql-block ql-align-justify\" data-block-id=\"block-0be5ddb4-5064-4dff-938f-f1bb45676492\">Safari: Preferenze &gt; Privacy<\/div><p><b>LSSICE<\/b><b><br \/><\/b><span style=\"font-weight: 400;\">La informiamo inoltre che non utilizziamo tali dati per inviare comunicazioni commerciali via e-mail che non siano richieste o espressamente autorizzate dall&#039;interessato, come previsto dalla LSSICE.<\/span><\/p><p><b>Comunicazioni<\/b><b><br \/><\/b><span style=\"font-weight: 400;\">Per l&#039;invio di qualsiasi comunicazione relativa al presente contratto, la SOCIET\u00c0 designa espressamente come proprio indirizzo l&#039;indirizzo indicato nel presente testo, e l&#039;utente designa espressamente come proprio indirizzo l&#039;indirizzo indicato nel modulo di richiesta. Per la conclusione del contratto, l&#039;utente \u00e8 tenuto a mantenere operativo, attivo e aggiornato l&#039;indirizzo e-mail fornito per le comunicazioni con la SOCIET\u00c0, in quanto rappresenta il mezzo di comunicazione preferito (ma non l&#039;unico). In generale, l&#039;utente si impegna e ha l&#039;obbligo di mantenere costantemente aggiornati i propri dati personali e di contatto e di comunicare tempestivamente eventuali modifiche. In caso contrario, le comunicazioni inviate all&#039;indirizzo indicato nel modulo saranno considerate valide.<\/span><\/p><p><b>Nullit\u00e0 e inefficacia delle clausole<\/b><b><br \/><\/b><span style=\"font-weight: 400;\">Se una qualsiasi clausola della presente Informativa sulla privacy, insieme all&#039;Informativa sulla privacy e all&#039;Informativa sui cookie, fosse dichiarata totalmente o parzialmente nulla o inefficace, ci\u00f2 interesser\u00e0 solo tale disposizione o parte di essa che risulta nulla o inefficace, il resto delle condizioni generali rimarr\u00e0 in vigore e tale disposizione o parte di essa interessata sar\u00e0 considerata non inclusa, a meno che, qualora fosse essenziale per le presenti condizioni generali, non le interessi in modo completo.<\/span><\/p><p><b>Legge applicabile e giurisdizione<\/b><b><br \/><\/b><span style=\"font-weight: 400;\">Per la risoluzione di tutte le controversie o questioni relative a questo sito web o alle attivit\u00e0 in esso svolte, si applicher\u00e0 in ogni caso la legge spagnola, alla quale le parti si sottopongono espressamente. Il semplice fatto di utilizzare i servizi di questo sito web implica l&#039;accettazione espressa della giurisdizione spagnola.<\/span><\/p><p><span style=\"font-weight: 400;\">Allo stesso modo, e fatta eccezione per quanto espresso nel paragrafo seguente, le parti coinvolte concordano che qualsiasi controversia, disaccordo, questione o reclamo derivante dall&#039;esecuzione o dall&#039;interpretazione delle presenti condizioni o di quelle ad esse collegate, o di altri testi che possano apparire sul sito web, sar\u00e0 definitivamente risolta mediante sottomissione ai Tribunali di Barcellona con espressa rinuncia a qualsiasi altra giurisdizione o delimitazione giurisdizionale che possa essere competente.<\/span><\/p><p><span style=\"font-weight: 400;\">Il paragrafo precedente non si applica se una delle parti \u00e8 un consumatore o un utente come definito nella normativa sulla tutela dei consumatori e degli utenti (Regio Decreto Legislativo 1\/2007, del 16 novembre, che approva il testo riveduto della Legge Generale per la Difesa dei Consumatori e degli Utenti e altre leggi complementari), nel qual caso (e per una controversia correlata coperta dalla Legge) si applicherebbe in via preferenziale la posizione designata in detta normativa.<\/span><\/p>\t\t\t\t\t\t\t\t<\/div>\n\t\t\t\t\t<\/div>\n\t\t\t\t<\/div>\n\t\t\t\t<\/div>","protected":false},"excerpt":{"rendered":"<p>La presente Pol\u00edtica de Privacidad constituye junto con las Normas de participaci\u00f3n y el aviso legal el marco jur\u00eddico que regula el uso del sitio web\u00a0crmetallurgica.com. La presente Pol\u00edtica de Privacidad en concreto regula el uso y tratamiento que LA EMPRESA da a sus datos de car\u00e1cter personal como usuario del Sitio web, ya que [&hellip;]<\/p>\n","protected":false},"author":1,"featured_media":0,"parent":0,"menu_order":0,"comment_status":"closed","ping_status":"closed","template":"","meta":{"footnotes":""},"class_list":["post-282","page","type-page","status-publish","hentry"],"_links":{"self":[{"href":"https:\/\/crmetallurgica.com\/it\/wp-json\/wp\/v2\/pages\/282","targetHints":{"allow":["GET"]}}],"collection":[{"href":"https:\/\/crmetallurgica.com\/it\/wp-json\/wp\/v2\/pages"}],"about":[{"href":"https:\/\/crmetallurgica.com\/it\/wp-json\/wp\/v2\/types\/page"}],"author":[{"embeddable":true,"href":"https:\/\/crmetallurgica.com\/it\/wp-json\/wp\/v2\/users\/1"}],"replies":[{"embeddable":true,"href":"https:\/\/crmetallurgica.com\/it\/wp-json\/wp\/v2\/comments?post=282"}],"version-history":[{"count":10,"href":"https:\/\/crmetallurgica.com\/it\/wp-json\/wp\/v2\/pages\/282\/revisions"}],"predecessor-version":[{"id":511,"href":"https:\/\/crmetallurgica.com\/it\/wp-json\/wp\/v2\/pages\/282\/revisions\/511"}],"wp:attachment":[{"href":"https:\/\/crmetallurgica.com\/it\/wp-json\/wp\/v2\/media?parent=282"}],"curies":[{"name":"wp","href":"https:\/\/api.w.org\/{rel}","templated":true}]}}